{"id":859,"date":"2023-12-09T07:21:59","date_gmt":"2023-12-09T07:21:59","guid":{"rendered":"https:\/\/maskots.tusitio.es\/termes-et-conditions\/"},"modified":"2024-06-03T11:01:03","modified_gmt":"2024-06-03T11:01:03","slug":"terms","status":"publish","type":"page","link":"https:\/\/maskots.tusitio.es\/fr\/terms\/","title":{"rendered":"Avis l\u00e9gal et conditions g\u00e9n\u00e9rales d&rsquo;utilisation"},"content":{"rendered":"\n<p><strong>I. INFORMATIONS G\u00c9N\u00c9RALES<\/strong><\/p>\n\n<p>La propri\u00e9t\u00e9 de ce site Internet, https:\/\/maskots.tusitio.es, (ci-apr\u00e8s, Site Internet) est d\u00e9tenue par : Maskots Tech S.L., avec NIF : B13666540, et dont les coordonn\u00e9es sont :<\/p>\n\n<p>Adresse : Calle de Don Ram\u00f3n de la Cruz, 38, 28001 Madrid, Espagne<\/p>\n\n<p>Email de contact : contact@maskots.tusitio.es<\/p>\n\n<p><strong>II. CONDITIONS G\u00c9N\u00c9RALES D&rsquo;UTILISATION <\/strong><\/p>\n\n<p>L&rsquo;objet des conditions :<\/p>\n\n<p><strong>Le Site Web<\/strong><\/p>\n\n<p>Les pr\u00e9sentes Conditions G\u00e9n\u00e9rales d&rsquo;Utilisation (ci-apr\u00e8s, les Conditions) ont pour objet de r\u00e9glementer l&rsquo;acc\u00e8s et l&rsquo;utilisation du Site Internet. Aux fins des pr\u00e9sentes Conditions, le Site Internet sera compris comme : l&rsquo;aspect ext\u00e9rieur des interfaces-\u00e9crans, tant de mani\u00e8re statique que dynamique, c&rsquo;est-\u00e0-dire l&rsquo;arborescence de navigation ; et tous les \u00e9l\u00e9ments int\u00e9gr\u00e9s tant dans les interfaces d&rsquo;\u00e9cran que dans l&rsquo;arborescence de navigation (ci-apr\u00e8s, Contenus) et tous les services ou ressources en ligne qu&rsquo;il propose aux Utilisateurs (ci-apr\u00e8s, Services). <\/p>\n\n<p>Maskots se r\u00e9serve le droit de modifier, \u00e0 tout moment, et sans pr\u00e9avis, la pr\u00e9sentation et la configuration du Site Web ainsi que des Contenus et Services qui pourraient y \u00eatre int\u00e9gr\u00e9s. L&rsquo;utilisateur (ci-apr\u00e8s, l&rsquo;\u00ab Utilisateur \u00bb) reconna\u00eet et accepte que Maskots puisse interrompre, d\u00e9sactiver et\/ou annuler \u00e0 tout moment ces \u00e9l\u00e9ments int\u00e9gr\u00e9s dans le Site Web ou l&rsquo;acc\u00e8s \u00e0 ceux-ci. <\/p>\n\n<p>L&rsquo;acc\u00e8s au Site Web par l&rsquo;Utilisateur est libre et, en r\u00e8gle g\u00e9n\u00e9rale, gratuit sans que l&rsquo;Utilisateur doive fournir une contrepartie pour en profiter, sauf en ce qui concerne le co\u00fbt de connexion via le r\u00e9seau de t\u00e9l\u00e9communications fourni par le fournisseur d&rsquo;acc\u00e8s que l&rsquo;Utilisateur a engag\u00e9.<\/p>\n\n<p>L&rsquo;utilisation de l&rsquo;un des contenus ou services du site Web peut \u00eatre effectu\u00e9e par le biais d&rsquo;un abonnement ou d&rsquo;un enregistrement pr\u00e9alable de l&rsquo;utilisateur.<\/p>\n\n<p><strong>L&rsquo;Utilisateur<\/strong><\/p>\n\n<p>L&rsquo;acc\u00e8s, la navigation et l&rsquo;utilisation du Site Web conf\u00e8rent la condition d&rsquo;Utilisateur, et donc, d\u00e8s le d\u00e9but de la navigation sur le Site Web, toutes les Conditions \u00e9tablies ici sont accept\u00e9es, ainsi que leurs modifications ult\u00e9rieures, sans pr\u00e9judice de l&rsquo;application de la r\u00e9glementation l\u00e9gale correspondante obligatoire selon le cas. \u00c9tant donn\u00e9 l&rsquo;importance de ce qui pr\u00e9c\u00e8de, il est recommand\u00e9 \u00e0 l&rsquo;Utilisateur de les lire \u00e0 chaque fois qu&rsquo;il visite le Site Web. <\/p>\n\n<p>Le site Web Maskots fournit une grande vari\u00e9t\u00e9 d\u2019informations, de services et de donn\u00e9es. L&rsquo;Utilisateur assume la responsabilit\u00e9 de l&rsquo;utilisation correcte du Site Web. Cette responsabilit\u00e9 s\u2019\u00e9tendra \u00e0 :  <\/p>\n\n<ul class=\"wp-block-list\">\n<li>Un usage des informations, Contenus et\/ou Services et donn\u00e9es offerts par Maskots qui ne soit pas contraire aux pr\u00e9sentes Conditions G\u00e9n\u00e9rales, \u00e0 la Loi, \u00e0 la morale ou \u00e0 l&rsquo;ordre public, ou qui de toute autre mani\u00e8re peut porter pr\u00e9judice aux droits des tiers ou au fonctionnement m\u00eame du Site Web.<\/li>\n\n\n\n<li>La v\u00e9racit\u00e9 et la l\u00e9galit\u00e9 des informations fournies par l&rsquo;Utilisateur dans les formulaires \u00e9mis par Maskots pour acc\u00e9der \u00e0 certains Contenus ou Services propos\u00e9s par le Site Internet. Dans tous les cas, l&rsquo;Utilisateur informera imm\u00e9diatement Maskots de tout fait permettant une utilisation inappropri\u00e9e des informations enregistr\u00e9es dans lesdits formulaires, tels que, mais non seulement, le vol, la perte ou l&rsquo;acc\u00e8s non autoris\u00e9 aux identifiants et\/ou mots de passe, afin de proc\u00e9der \u00e0 leur annulation imm\u00e9diate. <\/li>\n\n\n\n<li>\u2022 Ne pas provoquer des dommages aux syst\u00e8mes physiques et logiques de Maskots, de ses fournisseurs ou de tiers, introduire ou diffuser sur le r\u00e9seau des virus informatiques ou tout autre syst\u00e8me physique ou logique susceptible de provoquer les dommages mentionn\u00e9s ci-dessus.<\/li>\n\n\n\n<li>Ne pas tenter d&rsquo;acc\u00e9der et, le cas \u00e9ch\u00e9ant, utiliser les comptes de courriel d&rsquo;autres Utilisateurs et modifier ou manipuler leurs messages. Le simple acc\u00e8s \u00e0 ce Site Web n&rsquo;implique aucun type de relation commerciale entre Maskots et l&rsquo;Utilisateur. <\/li>\n<\/ul>\n\n<p>Toujours dans le respect de la l\u00e9gislation en vigueur, ce Site Maskots s&rsquo;adresse \u00e0 toutes les personnes, quel que soit leur \u00e2ge, pouvant acc\u00e9der et\/ou parcourir les pages du Site.<\/p>\n\n<p><strong>III. ACC\u00c8S ET NAVIGATION SUR LE SITE WEB : EXCLUSION DE GARANTIE ET \u200b\u200bDE RESPONSABILIT\u00c9 <\/strong><\/p>\n\n<p>Maskots ne garantit pas la continuit\u00e9, la disponibilit\u00e9 et l&rsquo;utilit\u00e9 du Site Internet, ou des Contenus ou Services. Maskots mettra tout en \u0153uvre pour assurer le bon fonctionnement du Site Internet, cependant, il n&rsquo;est pas responsable ni ne garantit que l&rsquo;acc\u00e8s \u00e0 ce Site Internet ne sera pas ininterrompu ou sans erreur. <\/p>\n\n<p>Il n&rsquo;est pas non plus responsable ni garanti que le contenu ou les logiciels accessibles via ce site Web soient exempts d&rsquo;erreurs ou causent des dommages au syst\u00e8me informatique (logiciel et mat\u00e9riel) de l&rsquo;utilisateur. En aucun cas Maskots ne sera responsable des pertes, dommages ou pertes de toute nature d\u00e9coulant de l&rsquo;acc\u00e8s, de la navigation et de l&rsquo;utilisation du Site Internet, y compris, mais sans s&rsquo;y limiter, ceux caus\u00e9s aux syst\u00e8mes informatiques ou ceux caus\u00e9s par l&rsquo;introduction de virus. <\/p>\n\n<p>Maskots n&rsquo;est \u00e9galement pas responsable de tout dommage qui pourrait \u00eatre caus\u00e9 aux utilisateurs en raison d&rsquo;une mauvaise utilisation de ce site Web. En particulier, il n&rsquo;est en aucun cas responsable des \u00e9ventuelles baisses, interruptions, manques ou d\u00e9fauts des t\u00e9l\u00e9communications qui pourraient survenir. <\/p>\n\n<p>Dans ce sens, Maskots n&rsquo;est pas responsable, en aucun cas, des dommages et pr\u00e9judices, de toute nature, qui pourraient \u00eatre caus\u00e9s, \u00e0 titre d&rsquo;exemple : erreurs ou omissions dans les Contenus, manque de disponibilit\u00e9 du Site Web ou la transmission de virus ou de programmes malveillants ou nuisibles dans les Contenus, malgr\u00e9 avoir adopt\u00e9 toutes les mesures technologiques n\u00e9cessaires pour l&rsquo;\u00e9viter.<\/p>\n\n<p><strong>IV. POLITIQUE DE LIEN <\/strong><\/p>\n\n<p>Il est signal\u00e9 que le Site Maskots met ou peut mettre \u00e0 disposition des Utilisateurs des moyens de liens (tels que, entre autres, des liens, des banni\u00e8res, des boutons), des annuaires et des moteurs de recherche permettant aux Utilisateurs d&rsquo;acc\u00e9der \u00e0 des sites Internet appartenant et\/ou g\u00e9r\u00e9s par des tiers. .<\/p>\n\n<p>L&rsquo;installation de ces liens, annuaires et moteurs de recherche sur le Site vise \u00e0 faciliter la recherche et l&rsquo;acc\u00e8s des Utilisateurs aux informations disponibles sur Internet, sans qu&rsquo;elle puisse \u00eatre consid\u00e9r\u00e9e comme une suggestion, une recommandation ou une invitation \u00e0 les visiter. .<\/p>\n\n<p>Maskots n&rsquo;offre ni ne commercialise, par lui-m\u00eame ou par l&rsquo;interm\u00e9diaire de tiers, les produits et\/ou services disponibles sur lesdits sites li\u00e9s.<\/p>\n\n<p>Maskots propose des contenus sponsoris\u00e9s, des publicit\u00e9s et\/ou des liens d&rsquo;affiliation. Les informations apparaissant dans ces liens d&rsquo;affiliation ou les publicit\u00e9s ins\u00e9r\u00e9es sont fournies par les annonceurs eux-m\u00eames, donc Maskots n&rsquo;est pas responsable des \u00e9ventuelles inexactitudes ou erreurs que pourraient contenir les publicit\u00e9s, ni ne garantit en aucun cas l&rsquo;exp\u00e9rience, l&rsquo;int\u00e9grit\u00e9 ou la responsabilit\u00e9 des annonceurs ou la qualit\u00e9 de leurs produits et\/ou services. <\/p>\n\n<p>De m\u00eame, il ne garantira pas la disponibilit\u00e9 technique, l&rsquo;exactitude, la v\u00e9racit\u00e9, la validit\u00e9 ou la l\u00e9galit\u00e9 des sites autres que sa propri\u00e9t\u00e9 et accessibles via les liens.<\/p>\n\n<p>Maskots n&rsquo;examinera ni ne contr\u00f4lera en aucun cas le contenu d&rsquo;autres sites Web, et n&rsquo;approuvera, n&rsquo;examinera ou n&rsquo;approuvera pas les produits et services, le contenu, les fichiers et tout autre mat\u00e9riel existant sur les sites li\u00e9s susmentionn\u00e9s.<\/p>\n\n<p>Maskots n&rsquo;assume aucune responsabilit\u00e9 pour les dommages pouvant survenir en raison de l&rsquo;acc\u00e8s, de l&rsquo;utilisation, de la qualit\u00e9 ou de la l\u00e9galit\u00e9 des contenus, communications, opinions, produits et services de sites Web non g\u00e9r\u00e9s par Maskots et qui sont li\u00e9s sur ce site Web.<\/p>\n\n<p>L&rsquo;Utilisateur ou le tiers qui r\u00e9alise un hyperlien depuis une page web d&rsquo;un autre site internet diff\u00e9rent vers le Site Maskots doit savoir que :<\/p>\n\n<p>Il n&rsquo;est pas permis de reproduire, totalement ou partiellement, aucun des Contenus et\/ou Services du Site Web sans l&rsquo;autorisation expresse de Maskots.<\/p>\n\n<p>Aucune d\u00e9claration fausse, inexacte ou incorrecte n&rsquo;est autoris\u00e9e concernant le site Web Maskots, ni son contenu et\/ou ses services.<\/p>\n\n<p>Aucune d\u00e9claration fausse, inexacte ou incorrecte n&rsquo;est autoris\u00e9e concernant le site Web Maskots, ni son contenu et\/ou ses services.<\/p>\n\n<p>L&rsquo;\u00e9tablissement de l&rsquo;hyperlien n&rsquo;impliquera pas l&rsquo;existence de relations entre Maskots et le propri\u00e9taire du site Internet \u00e0 partir duquel il est r\u00e9alis\u00e9, ni la connaissance et l&rsquo;acceptation par Maskots des contenus, services et\/ou activit\u00e9s propos\u00e9s sur ledit site Internet, et vice versa.<\/p>\n\n<p><strong>V. PROPRI\u00c9T\u00c9 INTELLECTUELLE ET INDUSTRIELLE<\/strong><\/p>\n\n<p>Maskots lui-m\u00eame ou en qualit\u00e9 de cessionnaire, est propri\u00e9taire de tous les droits de propri\u00e9t\u00e9 intellectuelle et industrielle du Site Internet, ainsi que des \u00e9l\u00e9ments qui y sont contenus (\u00e0 titre d&rsquo;exemple et non exhaustif, images, sons, audio, vid\u00e9o, logiciels ou textes, marques ou logos, combinaisons de couleurs, structure et design, s\u00e9lection des mat\u00e9riaux utilis\u00e9s, programmes informatiques n\u00e9cessaires \u00e0 son fonctionnement, acc\u00e8s et utilisation, etc.). Il s&rsquo;agira donc d&rsquo;\u0153uvres prot\u00e9g\u00e9es en tant que propri\u00e9t\u00e9 intellectuelle par le syst\u00e8me juridique espagnol, \u00e0 la fois les r\u00e9glementations espagnoles et communautaires dans ce domaine leur seront applicables, ainsi que les trait\u00e9s internationaux li\u00e9s \u00e0 ce sujet et sign\u00e9s par l&rsquo;Espagne. <\/p>\n\n<p>Tous les droits r\u00e9serv\u00e9s. En vertu de ce qui est pr\u00e9vu dans la Loi sur la Propri\u00e9t\u00e9 Intellectuelle, il est express\u00e9ment interdit de reproduire, distribuer et communiquer publiquement, y compris sa modalit\u00e9 de mise \u00e0 disposition, la totalit\u00e9 ou partie des contenus de cette page web, \u00e0 des fins commerciales, sur n&rsquo;importe quel support et par n&rsquo;importe quel moyen technique, sans l&rsquo;autorisation de Maskots. <\/p>\n\n<p>L&rsquo;Utilisateur s&rsquo;engage \u00e0 respecter les droits de propri\u00e9t\u00e9 intellectuelle et industrielle de Maskots. Vous pouvez visualiser les \u00e9l\u00e9ments du Site Internet ou encore les imprimer, les copier et les stocker sur le disque dur de votre ordinateur ou sur tout autre support physique pour autant que ce soit exclusivement pour votre usage personnel. L&rsquo;Utilisateur ne peut toutefois pas supprimer, modifier ou manipuler tout dispositif de protection ou syst\u00e8me de s\u00e9curit\u00e9 install\u00e9 sur le Site.  <\/p>\n\n<p>Dans le cas o\u00f9 l&rsquo;Utilisateur ou un tiers consid\u00e8re que l&rsquo;un des Contenus du Site Web constitue une violation des droits de protection de la propri\u00e9t\u00e9 intellectuelle, il devra imm\u00e9diatement le communiquer \u00e0 Maskots \u00e0 travers les donn\u00e9es de contact de la section Informations G\u00e9n\u00e9rales de cet Avis L\u00e9gal et Conditions G\u00e9n\u00e9rales d&rsquo;Utilisation.<\/p>\n\n<p><strong>VI. EXCLUSION DE GARANTIES ET RESPONSABILIT\u00c9 <\/strong><\/p>\n\n<p>Maskots Tech S.L. n&rsquo;est en aucun cas responsable des dommages et pr\u00e9judices de toute nature qui pourraient survenir, \u00e0 titre d&rsquo;exemple : erreurs ou omissions dans les Contenus, manque de disponibilit\u00e9 du Portail ou la transmission de virus ou programmes malveillants ou nuisibles dans les Contenus, malgr\u00e9 avoir adopt\u00e9 toutes les mesures technologiques n\u00e9cessaires pour les \u00e9viter.<\/p>\n\n<p><strong>VII. DROIT DE R\u00c9TRACTATION <\/strong><\/p>\n\n<p>L&rsquo;Utilisateur a le droit de se r\u00e9tracter de l&rsquo;acquisition du Service dans un d\u00e9lai de quatorze (14) jours naturels \u00e0 compter du jour o\u00f9 l&rsquo;Utilisateur a acquis le service ou le produit.<\/p>\n\n<p><em>Pour exercer le droit de r\u00e9tractation ou de retour, l\u2019Utilisateur devra le notifier via notre adresse email suivante : contact@maskots.tusitio.es<\/em><\/p>\n\n<p><strong>VIII. ACTIONS L\u00c9GALES, L\u00c9GISLATION APPLICABLE ET JURIDICTION <\/strong><\/p>\n\n<p>Maskots se r\u00e9serve le droit d&rsquo;entamer les actions civiles ou p\u00e9nales qu&rsquo;il consid\u00e8re n\u00e9cessaires pour l&rsquo;utilisation abusive du Site Web et des Contenus, ou pour le non-respect des pr\u00e9sentes Conditions G\u00e9n\u00e9rales.<\/p>\n\n<p>La relation entre l&rsquo;utilisateur et les mascottes sera r\u00e9gie par la r\u00e9glementation en vigueur et applicable sur le territoire espagnol. Si une controverse surgit concernant l&rsquo;interpr\u00e9tation et\/ou l&rsquo;application des pr\u00e9sentes Conditions, les parties soumettront leurs conflits \u00e0 la juridiction ordinaire, en les soumettant aux juges et tribunaux correspondants conform\u00e9ment \u00e0 la loi. <\/p>\n","protected":false},"excerpt":{"rendered":"<p>I. INFORMATIONS G\u00c9N\u00c9RALES La propri\u00e9t\u00e9 de ce site Internet, https:\/\/maskots.tusitio.es, (ci-apr\u00e8s, Site Internet) est d\u00e9tenue par : Maskots Tech S.L., avec NIF : B13666540, et dont les coordonn\u00e9es sont : Adresse : Calle de Don Ram\u00f3n de la Cruz, 38, 28001 Madrid, Espagne Email de contact : contact@maskots.tusitio.es II. CONDITIONS G\u00c9N\u00c9RALES D&rsquo;UTILISATION L&rsquo;objet des conditions [&hellip;]<\/p>\n","protected":false},"author":1,"featured_media":0,"parent":0,"menu_order":0,"comment_status":"closed","ping_status":"closed","template":"","meta":{"footnotes":""},"class_list":["post-859","page","type-page","status-publish","hentry"],"_links":{"self":[{"href":"https:\/\/maskots.tusitio.es\/fr\/wp-json\/wp\/v2\/pages\/859","targetHints":{"allow":["GET"]}}],"collection":[{"href":"https:\/\/maskots.tusitio.es\/fr\/wp-json\/wp\/v2\/pages"}],"about":[{"href":"https:\/\/maskots.tusitio.es\/fr\/wp-json\/wp\/v2\/types\/page"}],"author":[{"embeddable":true,"href":"https:\/\/maskots.tusitio.es\/fr\/wp-json\/wp\/v2\/users\/1"}],"replies":[{"embeddable":true,"href":"https:\/\/maskots.tusitio.es\/fr\/wp-json\/wp\/v2\/comments?post=859"}],"version-history":[{"count":8,"href":"https:\/\/maskots.tusitio.es\/fr\/wp-json\/wp\/v2\/pages\/859\/revisions"}],"predecessor-version":[{"id":1099,"href":"https:\/\/maskots.tusitio.es\/fr\/wp-json\/wp\/v2\/pages\/859\/revisions\/1099"}],"wp:attachment":[{"href":"https:\/\/maskots.tusitio.es\/fr\/wp-json\/wp\/v2\/media?parent=859"}],"curies":[{"name":"wp","href":"https:\/\/api.w.org\/{rel}","templated":true}]}}