{"id":856,"date":"2023-12-26T09:24:54","date_gmt":"2023-12-26T09:24:54","guid":{"rendered":"https:\/\/maskots.tusitio.es\/politique-de-cookies\/"},"modified":"2024-01-08T17:52:25","modified_gmt":"2024-01-08T17:52:25","slug":"politique-de-cookies","status":"publish","type":"page","link":"https:\/\/maskots.tusitio.es\/fr\/politique-de-cookies\/","title":{"rendered":"Politique de cookies"},"content":{"rendered":"\n<p>Sur ce site web, des cookies tiers et propres sont utilis\u00e9s pour que l\u2018Utilisateur ait une meilleure exp\u00e9rience de navigation, qu\u2019il puisse partager du contenu sur les r\u00e9seaux sociaux et pour que nous puissions obtenir des statistiques des utilisateurs.<\/p>\n\n\n\n<p>Tu peux \u00e9viter le t\u00e9l\u00e9chargement de cookies via la configuration de ton navigateur, emp\u00eachant ainsi que les cookies soient stock\u00e9s sur ton appareil.<\/p>\n\n\n\n<p>En tant que propri\u00e9taire de ce site web, nous t\u2019informons que nous n&rsquo;utilisons aucune information personnelle issue de cookies, nous r\u00e9alisons uniquement des statistiques g\u00e9n\u00e9rales de visites qui ne comportent aucune information personnelle.<\/p>\n\n\n\n<p>Il est tr\u00e8s important que tu lises la pr\u00e9sente politique de cookies. En acceptant les cookies, de mani\u00e8re expresse dans ta configuration, tu consens \u00e0 ces utilisations, mais tu pourras retirer ou modifier ton consentement \u00e0 tout moment.<\/p>\n\n\n\n<p><strong>Entit\u00e9 Responsable<\/strong><\/p>\n\n\n\n<p>L&rsquo;entit\u00e9 responsable de la collecte, du traitement et de l&rsquo;utilisation de tes donn\u00e9es personnelles est Maskots Tech S.L. \u2013 Calle de Don Ram\u00f3n de la Cruz, 38, 28001 Madrid, Espagne.<\/p>\n\n\n\n<p><strong>Qu&rsquo;est-ce que les cookies ?<\/strong><\/p>\n\n\n\n<p>Les cookies sont un ensemble d\u2019information qu&rsquo;un serveur d\u00e9pose dans le navigateur de l&rsquo;utilisateur pour recueillir des informations standard d&rsquo;enregistrement sur Internet et des informations sur le comportement des visiteurs sur un site web. Autrement dit, il s&rsquo;agit de petits fichiers texte qui restent stock\u00e9s sur le disque dur de l&rsquo;ordinateur et qui servent \u00e0 identifier l&rsquo;utilisateur lorsqu&rsquo;il se connecte \u00e0 nouveau au site web. Leur objectif est d&rsquo;enregistrer la visite de l&rsquo;utilisateur et de conserver certaines informations. Leur utilisation est courante et fr\u00e9quente sur le web car elle permet aux pages de fonctionner de mani\u00e8re plus efficace et d&rsquo;obtenir une personnalisation et une analyse plus pouss\u00e9es sur le comportement de l&rsquo;utilisateur.<\/p>\n\n\n\n<p><strong>Quels types de cookies existent ?<\/strong><\/p>\n\n\n\n<p>Les cookies utilis\u00e9s sur notre site web sont de session et de tiers, et nous permettent de stocker et d&rsquo;acc\u00e9der \u00e0 des informations relatives \u00e0 la langue, au type de navigateur utilis\u00e9, et \u00e0 d&rsquo;autres caract\u00e9ristiques g\u00e9n\u00e9rales pr\u00e9d\u00e9finies par l&rsquo;utilisateur, ainsi que de suivre et d&rsquo;analyser l&rsquo;activit\u00e9 qu&rsquo;il effectue, dans le but d&rsquo;introduire des am\u00e9liorations et de fournir nos services de mani\u00e8re plus efficace et personnalis\u00e9e.<\/p>\n\n\n\n<p>Les cookies, en fonction de leur dur\u00e9e, peuvent \u00eatre divis\u00e9s en cookies de session ou permanents. Ceux qui expirent lorsque l&rsquo;utilisateur ferme le navigateur. Ceux qui expirent en fonction de l&rsquo;objectif pour lequel ils servent (par exemple, pour que l&rsquo;utilisateur reste identifi\u00e9 dans les services de Maskots Tech S.L.) ou bien lorsqu&rsquo;ils sont supprim\u00e9s manuellement.<\/p>\n\n\n\n<figure class=\"wp-block-table\"><table><tbody><tr><td><strong>Nom<\/strong><\/td><td><strong>Type<\/strong><\/td><td><strong>Expiration<\/strong><\/td><td><strong>Finalit\u00e9<\/strong><\/td><td><strong>Cat\u00e9gorie<\/strong><\/td><\/tr><tr><td>__utma<\/td><td>De Tiers<br>(Google Analytics)<\/td><td>2 ans<\/td><td>Utilis\u00e9 pour distinguer les utilisateurs et les sessions.<\/td><td>Non Exempt\u00e9<\/td><\/tr><tr><td>__utmb<\/td><td>De Tiers<br>(Google Analytics)<\/td><td>30 minutes<\/td><td>Utilis\u00e9 pour d\u00e9terminer de nouvelles sessions ou visites.<\/td><td>Non Exempt\u00e9<\/td><\/tr><tr><td>__utmc<\/td><td>De Tiers<br>(Google Analytics)<\/td><td>\u00c0 la fin de la session<\/td><td>Configur\u00e9 pour \u00eatre utilis\u00e9 avec Urchin.<\/td><td>Non Exempt\u00e9<\/td><\/tr><tr><td>__utmz<\/td><td>De Tiers<br>(Google Analytics)<\/td><td>6 mois<\/td><td>Stocke l&rsquo;origine ou la campagne expliquant comment l&rsquo;utilisateur est arriv\u00e9 sur le site web.<\/td><td>Non Exempt\u00e9<\/td><\/tr><\/tbody><\/table><\/figure>\n\n\n\n<p>De plus, en fonction de leur objectif, les cookies peuvent \u00eatre class\u00e9s de la mani\u00e8re suivante :<\/p>\n\n\n\n<p><strong>Cookies de performance<\/strong><\/p>\n\n\n\n<p>Ce type de cookie m\u00e9morise tes pr\u00e9f\u00e9rences pour les outils qui se trouvent dans les services, donc tu n&rsquo;as pas besoin de reconfigurer le service chaque fois que tu le visites. Par exemple, cette cat\u00e9gorie inclut : les r\u00e9glages de volume des lecteurs vid\u00e9o ou audio, les vitesses de transmission vid\u00e9o compatibles avec ton navigateur, les objets enregistr\u00e9s dans le \u00ab panier d&rsquo;achat \u00bb dans les services de commerce \u00e9lectronique tels que les boutiques.<\/p>\n\n\n\n<p><strong>Cookies de g\u00e9olocalisation<\/strong><\/p>\n\n\n\n<p>Ces cookies sont utilis\u00e9s pour d\u00e9terminer dans quel pays tu te trouves lorsque tu demandes un service. Ce cookie est totalement anonyme et est utilis\u00e9 uniquement pour aider \u00e0 orienter le contenu vers ton emplacement.<\/p>\n\n\n\n<p><strong>Cookies de connexion<\/strong><\/p>\n\n\n\n<p>Les cookies de connexion sont g\u00e9n\u00e9r\u00e9s une fois que l&rsquo;utilisateur s&rsquo;est enregistr\u00e9 ou a ensuite ouvert sa session, et sont utilis\u00e9s pour t\u2019identifier dans les services avec les objectifs suivants :<\/p>\n\n\n\n<ul class=\"wp-block-list\">\n<li>Garder l&rsquo;utilisateur identifi\u00e9 de sorte que, s&rsquo;il ferme un service, le navigateur ou l&rsquo;ordinateur et qu&rsquo;\u00e0 un autre moment ou un autre jour il revient \u00e0 ce service, il restera identifi\u00e9, facilitant ainsi sa navigation sans avoir \u00e0 se r\u00e9identifier. Cette fonctionnalit\u00e9 peut \u00eatre supprim\u00e9e si l&rsquo;utilisateur clique sur la fonctionnalit\u00e9 [se d\u00e9connecter], de sorte que ce cookie soit supprim\u00e9 et la prochaine fois qu&rsquo;il entrera dans le service, l&rsquo;utilisateur devra se connecter pour \u00eatre identifi\u00e9.<\/li>\n\n\n\n<li>V\u00e9rifier si l&rsquo;utilisateur est autoris\u00e9 \u00e0 acc\u00e9der \u00e0 certains services, par exemple, pour participer \u00e0 un concours.<\/li>\n\n\n\n<li>De plus, certains services peuvent utiliser des connecteurs avec des r\u00e9seaux sociaux tels que Facebook ou Twitter. Lorsque l&rsquo;utilisateur s&rsquo;enregistre dans un service avec les identifiants d&rsquo;un r\u00e9seau social, il autorise le r\u00e9seau social \u00e0 stocker un cookie persistant qui se souvient de son identit\u00e9 et lui garantit l&rsquo;acc\u00e8s aux services jusqu&rsquo;\u00e0 son expiration. L&rsquo;utilisateur peut supprimer ce cookie et r\u00e9voquer l&rsquo;acc\u00e8s aux services via les r\u00e9seaux sociaux en mettant \u00e0 jour ses pr\u00e9f\u00e9rences sur le r\u00e9seau social sp\u00e9cifi\u00e9.<\/li>\n<\/ul>\n\n\n\n<p><strong>Cookies analytiques<\/strong><\/p>\n\n\n\n<p>Chaque fois qu&rsquo;un utilisateur visite un service, un outil d&rsquo;un fournisseur externe g\u00e9n\u00e8re un cookie analytique sur l&rsquo;ordinateur de l&rsquo;utilisateur. Ce cookie, qui n&rsquo;est g\u00e9n\u00e9r\u00e9 que lors de la visite, servira lors de prochaines visites aux services de Maskots Tech S.L. pour identifier de mani\u00e8re anonyme le visiteur. Les principaux objectifs poursuivis sont :<\/p>\n\n\n\n<ul class=\"wp-block-list\">\n<li>Permettre l&rsquo;identification anonyme des utilisateurs naviguant via le cookie (identifie les navigateurs et les appareils, et non les personnes) et donc le d\u00e9compte approximatif du nombre de visiteurs et leur tendance dans le temps.<\/li>\n\n\n\n<li>Identifier de mani\u00e8re anonyme les contenus les plus visit\u00e9s et donc les plus attractifs pour les utilisateurs.<\/li>\n\n\n\n<li>Savoir si l&rsquo;utilisateur qui acc\u00e8de est nouveau ou r\u00e9p\u00e8te sa visite.<\/li>\n<\/ul>\n\n\n\n<p>Important : Sauf si l&rsquo;utilisateur d\u00e9cide de s&rsquo;enregistrer dans un service de Maskots Tech S.L., le cookie ne sera jamais associ\u00e9 \u00e0 aucune donn\u00e9e personnelle pouvant l&rsquo;identifier. Ces cookies ne seront utilis\u00e9s qu&rsquo;\u00e0 des fins statistiques qui aident \u00e0 optimiser l&rsquo;exp\u00e9rience des utilisateurs sur le site.<\/p>\n\n\n\n<p><strong>Cookies publicitaires<\/strong><\/p>\n\n\n\n<p>Ce type de cookies permet d&rsquo;\u00e9largir les informations des annonces affich\u00e9es \u00e0 chaque utilisateur anonyme dans les services de Maskots Tech S.L. Entre autres, il stocke la dur\u00e9e ou la fr\u00e9quence de visualisation des emplacements publicitaires, l&rsquo;interaction avec eux, ou les mod\u00e8les de navigation et\/ou comportements de l&rsquo;utilisateur, car ils aident \u00e0 former un profil d&rsquo;int\u00e9r\u00eat publicitaire. De cette mani\u00e8re, ils permettent de proposer de la publicit\u00e9 adapt\u00e9e aux int\u00e9r\u00eats de l&rsquo;utilisateur.<\/p>\n\n\n\n<p><strong>Cookies publicitaires de tiers<\/strong><\/p>\n\n\n\n<p>En plus de la publicit\u00e9 g\u00e9r\u00e9e par les sites web de Maskots Tech S.L. dans ses services, les sites web de Maskots Tech S.L. offrent \u00e0 leurs annonceurs l&rsquo;option de diffuser des annonces via des tiers (\u00ab Ad-Servers \u00bb). Ainsi, ces tiers peuvent stocker des cookies envoy\u00e9s depuis les services de Maskots Tech S.L. \u00e0 partir des navigateurs des utilisateurs, ainsi qu\u2019acc\u00e9der aux donn\u00e9es qu&rsquo;ils contiennent.<\/p>\n\n\n\n<p>Les entreprises qui g\u00e9n\u00e8rent ces cookies ont leurs propres politiques de confidentialit\u00e9. Actuellement, les sites web de Maskots Tech S.L. utilisent la plateforme Doubleclick (Google) pour g\u00e9rer ces services. Pour plus d&rsquo;informations, merci de consulter<br><a href=\"https:\/\/policies.google.com\/technologies\/ads?hl=fr\">https:\/\/policies.google.com\/technologies\/ads?hl=fr<\/a><\/p>\n\n\n\n<p><strong>Comment puis-je d\u00e9sactiver les cookies dans mon navigateur ?<\/strong><\/p>\n\n\n\n<p>Les diff\u00e9rents navigateurs peuvent \u00eatre configur\u00e9s pour avertir l&rsquo;utilisateur de la r\u00e9ception de cookies et, si souhait\u00e9, emp\u00eacher leur installation sur l&rsquo;ordinateur. De plus, l&rsquo;utilisateur peut v\u00e9rifier dans son navigateur quelles cookies sont install\u00e9es et quelle est leur dur\u00e9e de validit\u00e9, pouvant les supprimer.<\/p>\n\n\n\n<p>Pour plus d&rsquo;informations, consulte les instructions et manuels de votre navigateur :<\/p>\n\n\n\n<p>Pour plus d&rsquo;informations sur la gestion des cookies dans Google Chrome :<br><a href=\"https:\/\/support.google.com\/chrome\/answer\/95647?hl=fr\">https:\/\/support.google.com\/chrome\/answer\/95647?hl=fr<\/a><\/p>\n\n\n\n<p>Pour plus d&rsquo;informations sur la gestion des cookies dans Internet Explorer :<br><a href=\"https:\/\/support.microsoft.com\/fr-fr\/windows\/supprimer-et-g%C3%A9rer-les-cookies-168dab11-0753-043d-7c16-ede5947fc64d\">https:\/\/support.microsoft.com\/fr-fr\/windows\/supprimer-et-g%C3%A9rer-les-cookies-168dab11-0753-043d-7c16-ede5947fc64d<\/a><\/p>\n\n\n\n<p>Pour plus d&rsquo;informations sur la gestion des cookies dans Mozilla Firefox :<br><a href=\"https:\/\/support.mozilla.org\/fr\/kb\/empecher-sites-web-stocker-cookies-donnees-site-firefox\">https:\/\/support.mozilla.org\/fr\/kb\/empecher-sites-web-stocker-cookies-donnees-site-firefox<\/a><br><br>Pour plus d&rsquo;informations sur la gestion des cookies dans Safari :<br><a href=\"http:\/\/www.apple.com\/fr\/privacy\/use-of-cookies\/\">http:\/\/www.apple.com\/fr\/privacy\/use-of-cookies\/<\/a><\/p>\n\n\n\n<p>Pour plus d&rsquo;informations sur la gestion des cookies dans Opera :<br><a href=\"https:\/\/help.opera.com\/fr\/latest\/web-preferences\/#cookies\">https:\/\/help.opera.com\/fr\/latest\/web-preferences\/#cookies<\/a><\/p>\n\n\n\n<p>Si tu souhaites ne plus \u00eatre suivi par Google Analytics, visite le site :<br><a href=\"http:\/\/tools.google.com\/dlpage\/gaoptout\">http:\/\/tools.google.com\/dlpage\/gaoptout<\/a><\/p>\n\n\n\n<p><strong>Pour en savoir plus sur les cookies<\/strong><\/p>\n\n\n\n<p>Tu peux obtenir plus d&rsquo;informations sur la publicit\u00e9 en ligne bas\u00e9e sur le comportement et la confidentialit\u00e9 en ligne au lien suivant : <a href=\"http:\/\/www.youronlinechoices.com\/fr\/\">http:\/\/www.youronlinechoices.com\/fr\/<\/a><\/p>\n\n\n\n<p>Protection des donn\u00e9es de Google Analytics :<br><a href=\"https:\/\/marketingplatform.google.com\/intl\/fr\/about\/\">https:\/\/marketingplatform.google.com\/intl\/fr\/about\/<\/a><\/p>\n\n\n\n<p>Comment Google Analytics utilise les cookies :<br><a href=\"https:\/\/developers.google.com\/analytics\/devguides\/collection\/analyticsjs\/cookie-usage?hl=fr#analyticsjs\">https:\/\/developers.google.com\/analytics\/devguides\/collection\/analyticsjs\/cookie-usage?hl=fr#analyticsjs<\/a><\/p>\n\n\n\n<p><strong>Mises \u00e0 jour et changements dans la politique de confidentialit\u00e9\/cookies<\/strong><\/p>\n\n\n\n<p>Le site web et l&rsquo;App de Maskots Tech S.L. peuvent modifier cette Politique de Cookies en fonction des exigences l\u00e9gislatives, r\u00e9glementaires, ou afin d&rsquo;adapter cette politique aux instructions dict\u00e9es par l&rsquo;agence de protection des donn\u00e9es de chaque pays, c&rsquo;est pourquoi il est conseill\u00e9 aux utilisateurs de la visiter p\u00e9riodiquement.<\/p>\n\n\n\n<p>Lorsque des changements significatifs sont apport\u00e9s \u00e0 cette Politique de Cookies, ils seront communiqu\u00e9s aux utilisateurs soit par le biais du site web, soit par courrier \u00e9lectronique aux utilisateurs enregistr\u00e9s.<\/p>\n","protected":false},"excerpt":{"rendered":"<p>Sur ce site web, des cookies tiers et propres sont utilis\u00e9s pour que l\u2018Utilisateur ait une meilleure exp\u00e9rience de navigation, qu\u2019il puisse partager du contenu sur les r\u00e9seaux sociaux et pour que nous puissions obtenir des statistiques des utilisateurs. Tu peux \u00e9viter le t\u00e9l\u00e9chargement de cookies via la configuration de ton navigateur, emp\u00eachant ainsi que [&hellip;]<\/p>\n","protected":false},"author":1,"featured_media":0,"parent":0,"menu_order":0,"comment_status":"closed","ping_status":"closed","template":"","meta":{"footnotes":""},"class_list":["post-856","page","type-page","status-publish","hentry"],"_links":{"self":[{"href":"https:\/\/maskots.tusitio.es\/fr\/wp-json\/wp\/v2\/pages\/856","targetHints":{"allow":["GET"]}}],"collection":[{"href":"https:\/\/maskots.tusitio.es\/fr\/wp-json\/wp\/v2\/pages"}],"about":[{"href":"https:\/\/maskots.tusitio.es\/fr\/wp-json\/wp\/v2\/types\/page"}],"author":[{"embeddable":true,"href":"https:\/\/maskots.tusitio.es\/fr\/wp-json\/wp\/v2\/users\/1"}],"replies":[{"embeddable":true,"href":"https:\/\/maskots.tusitio.es\/fr\/wp-json\/wp\/v2\/comments?post=856"}],"version-history":[{"count":5,"href":"https:\/\/maskots.tusitio.es\/fr\/wp-json\/wp\/v2\/pages\/856\/revisions"}],"predecessor-version":[{"id":1030,"href":"https:\/\/maskots.tusitio.es\/fr\/wp-json\/wp\/v2\/pages\/856\/revisions\/1030"}],"wp:attachment":[{"href":"https:\/\/maskots.tusitio.es\/fr\/wp-json\/wp\/v2\/media?parent=856"}],"curies":[{"name":"wp","href":"https:\/\/api.w.org\/{rel}","templated":true}]}}