{"id":862,"date":"2023-12-26T09:24:54","date_gmt":"2023-12-26T09:24:54","guid":{"rendered":"https:\/\/maskots.tusitio.es\/politica-de-cookies\/"},"modified":"2024-02-29T12:11:16","modified_gmt":"2024-02-29T12:11:16","slug":"politica-de-cookies","status":"publish","type":"page","link":"https:\/\/maskots.tusitio.es\/es\/politica-de-cookies\/","title":{"rendered":"Pol\u00edtica de cookies"},"content":{"rendered":"\n<p>Este sitio web utiliza cookies propias y de terceros para mejorar la experiencia de navegaci\u00f3n, permitir compartir contenidos en redes sociales y recopilar estad\u00edsticas de usuarios.<\/p>\n\n<p>Puedes evitar la descarga de cookies a trav\u00e9s de la configuraci\u00f3n de tu navegador, evitando que las cookies se almacenen en su dispositivo.<\/p>\n\n<p>Como propietario del sitio web, se aclara que no se utiliza ninguna informaci\u00f3n personal de las cookies, solo se recogen estad\u00edsticas generales de visitas, que no implican ninguna informaci\u00f3n personal.<\/p>\n\n<p>Leer esta pol\u00edtica de cookies es importante. Al aceptar expresamente las cookies en su configuraci\u00f3n, consientes estos usos, pero puedes retirar o modificar tu consentimiento en cualquier momento.<\/p>\n\n<p><strong>Entidad Responsable<\/strong><\/p>\n\n<p>La entidad responsable de la recogida, tratamiento y uso de sus datos personales es Maskots Tech S.L., con domicilio en Calle de Don Ram\u00f3n de la Cruz, 38, 28001 Madrid, Espa\u00f1a.<\/p>\n\n<p><strong>\u00bfQu\u00e9 son las cookies?<\/strong><\/p>\n\n<p>Las cookies son un conjunto de datos que un servidor deposita en el navegador del usuario para recoger la informaci\u00f3n de registro est\u00e1ndar de Internet y la informaci\u00f3n del comportamiento de los visitantes en un sitio web. Se trata de peque\u00f1os archivos de texto que quedan almacenados en el disco duro del ordenador para identificar al usuario cuando se conecta nuevamente al sitio web. Su objetivo es registrar la visita del usuario y guardar cierta informaci\u00f3n. Su uso es com\u00fan y frecuente en la web ya que permite a las p\u00e1ginas funcionar de manera m\u00e1s eficiente y conseguir una mayor personalizaci\u00f3n y an\u00e1lisis sobre el comportamiento del usuario.<\/p>\n\n<p><strong>Tipos de cookies<\/strong><\/p>\n\n<p>Las cookies utilizadas en nuestro sitio web son nuestras cookies de sesi\u00f3n y de terceros. Permiten almacenar y acceder a informaci\u00f3n relacionada con el idioma, el tipo de navegador utilizado y otras caracter\u00edsticas generales predefinidas del usuario. Tambi\u00e9n rastrean y analizan la actividad de los usuarios para mejorar y prestar nuestros servicios de forma m\u00e1s eficaz y personalizada.<\/p>\n\n<p>Las cookies, en funci\u00f3n de su duraci\u00f3n, pueden dividirse en cookies de sesi\u00f3n o permanentes. Las cookies de sesi\u00f3n expiran cuando el usuario cierra el navegador. Las cookies permanentes expiran cuando se cumple su finalidad (por ejemplo, para que el usuario se mantenga identificado en los servicios de Maskots Tech S.L.) o bien cuando se borran manualmente.<\/p>\n\n<figure class=\"wp-block-table\"><table><tbody><tr><td><strong>Nombre<\/strong><\/td><td><strong>Tipo<\/strong><\/td><td><strong>Caducidad<\/strong><\/td><td><strong>Finalidad<\/strong><\/td><td><strong>Clasificaci\u00f3n<\/strong><\/td><\/tr><tr><td>__utma<\/td><td>De Terceros (Google Analytics)<\/td><td>2 a\u00f1os<\/td><td>Se usa para distinguir usuarios y sesiones.<\/td><td>No exento<\/td><\/tr><tr><td>__utmb<\/td><td>De Terceros (Google Analytics)<\/td><td>30 minutos<\/td><td>Used to determine new sessions or visits<\/td><td>No exento<\/td><\/tr><tr><td>__utmc<\/td><td>De Terceros (Google Analytics)<\/td><td>Fin de la sesi\u00f3n<\/td><td>Se configura para su uso con Urchin<\/td><td>No exento<\/td><\/tr><tr><td>__utmz<\/td><td>De Terceros (Google Analytics)<\/td><td>6 meses<\/td><td>Almacena el origen o la campa\u00f1a que explica c\u00f3mo el usuario ha llegado hasta la p\u00e1gina web<\/td><td>No exento<\/td><\/tr><\/tbody><\/table><\/figure>\n\n<p>Adicionalmente, en funci\u00f3n de su objetivo, las cookies pueden clasificarse de la siguiente forma:<\/p>\n\n<p><strong>Cookies de rendimiento<\/strong><\/p>\n\n<p>Estas cookies recuerdan sus preferencias para las herramientas que se encuentran en los servicios, para que no tenga que reconfigurar el servicio cada vez que lo visite. Algunos ejemplos son: Ajustes de volumen del reproductor de v\u00eddeo, velocidades de transmisi\u00f3n de v\u00eddeo compatibles con su navegador, art\u00edculos del \u00abcarrito de la compra\u00bb en servicios de comercio electr\u00f3nico como tiendas.<\/p>\n\n<p><strong>Cookies de geolocalizaci\u00f3n<\/strong><\/p>\n\n<p>Se utiliza para saber en qu\u00e9 pa\u00eds se encuentra cuando se solicita un servicio. Estas cookies son totalmente an\u00f3nimas y s\u00f3lo se utilizan para adaptar el contenido a su ubicaci\u00f3n.<\/p>\n\n<p><strong>Cookies de registro<\/strong><\/p>\n\n<p>Generada una vez que el usuario se registra o posteriormente abre su sesi\u00f3n, utilizada para identificarle en servicios con fines como:<\/p>\n\n<ul class=\"wp-block-list\">\n<li>Mantenerle identificado, de modo que si cierra un servicio, el navegador o el ordenador y m\u00e1s tarde vuelve a entrar en el servicio, seguir\u00e1 identificado, facilitando la navegaci\u00f3n sin tener que volver a identificarse. Esta funci\u00f3n puede eliminarse si el usuario pulsa [log out], eliminando la cookie y requiriendo el inicio de sesi\u00f3n al volver a entrar en el servicio.<\/li>\n\n\n\n<li>Comprobar si el usuario est\u00e1 autorizado para acceder a ciertos servicios, por ejemplo, para participar en un concurso.<\/li>\n\n\n\n<li>Adicionalmente, algunos servicios pueden utilizar conectores con redes sociales tales como Facebook o Twitter. Cuando el usuario se registra en un servicio con credenciales de una red social, autoriza a la red social a guardar una Cookie persistente que recuerda su identidad y le garantiza acceso a los servicios hasta que expira. El usuario puede borrar esta Cookie y revocar el acceso a los servicios mediante redes sociales actualizando sus preferencias en la red social que espec\u00edfica.<\/li>\n<\/ul>\n\n<p><strong>Cookies anal\u00edticas<\/strong><\/p>\n\n<p>Generadas por una herramienta de un proveedor externo cada vez que un usuario visita un servicio, estas cookies sirven en futuras visitas a los servicios de Maskots Tech S.L. para identificar de forma an\u00f3nima al visitante. Entre sus principales objetivos figuran:<\/p>\n\n<ul class=\"wp-block-list\">\n<li>Permitir la identificaci\u00f3n an\u00f3nima de los usuarios navegantes a trav\u00e9s de la cookie y, por tanto, el recuento aproximado de visitantes y su tendencia en el tiempo.<\/li>\n\n\n\n<li>Identificar de forma an\u00f3nima los contenidos m\u00e1s visitados y, por tanto, m\u00e1s atractivos para los usuarios, y saber si el usuario que accede es nuevo o repite visita.<\/li>\n<\/ul>\n\n<p>Importante: Salvo que el usuario decida registrarse en un servicio de Maskots Tech S.L., la cookie nunca ir\u00e1 asociada a ning\u00fan dato de car\u00e1cter personal que pueda identificarle. Dichas cookies s\u00f3lo ser\u00e1n utilizadas con prop\u00f3sitos estad\u00edsticos que ayuden a la optimizaci\u00f3n de la experiencia de los usuarios en el sitio.<\/p>\n\n<p><strong>Cookies publicitarias<\/strong><\/p>\n\n<p>Este tipo de cookies permiten ampliar la informaci\u00f3n de los anuncios mostrados a cada usuario an\u00f3nimo en los servicios de Maskots Tech S.L.. Entre otros, se almacena la duraci\u00f3n o frecuencia de visualizaci\u00f3n de posiciones publicitarias, la interacci\u00f3n con las mismas, o los patrones de navegaci\u00f3n y\/o comportamientos del usuario ya que ayudan a conformar un perfil de inter\u00e9s publicitario. De este modo, permiten ofrecer publicidad af\u00edn a los intereses del usuario.<\/p>\n\n<p><strong>Cookies publicitarias de terceros<\/strong><\/p>\n\n<p>Adem\u00e1s de la publicidad gestionada por las webs de Maskots Tech S.L. en sus servicios, las webs de Maskots Tech S.L. ofrecen a sus anunciantes la opci\u00f3n de servir anuncios a trav\u00e9s de terceros (\u201cAd-Servers\u201d). De este modo, estos terceros pueden almacenar cookies enviadas desde los servicios de Maskots Tech S.L. procedentes de los navegadores de los usuarios, as\u00ed como acceder a los datos que en ellas se guardan.<\/p>\n\n<p>Las empresas que generan estas cookies tienen sus propias pol\u00edticas de privacidad. Actualmente, los sitios web de Maskots Tech S.L. utilizan la plataforma Doubleclick (Google) para gestionar estos servicios. Para m\u00e1s informaci\u00f3n, visita:<br\/><a href=\"https:\/\/policies.google.com\/technologies\/ads\">https:\/\/policies.google.com\/technologies\/ads<\/a><\/p>\n\n<p><strong>\u00bfC\u00f3mo desactivar las cookies en su navegador?<\/strong><\/p>\n\n<p>Se pueden configurar los diferentes navegadores para avisar al usuario de la recepci\u00f3n de cookies y, si se desea, impedir su instalaci\u00f3n en el equipo. Asimismo, el usuario puede revisar en su navegador qu\u00e9 cookies tiene instaladas y cu\u00e1l es el plazo de caducidad de las mismas, pudiendo eliminarlas.<\/p>\n\n<p>Para ampliar esta informaci\u00f3n consulta las instrucciones y manuales de tu navegador:<\/p>\n\n<p>Para obtener m\u00e1s informaci\u00f3n sobre la gesti\u00f3n de cookies en Google Chrome, visita:<br\/><a href=\"https:\/\/support.google.com\/chrome\/answer\/95647?hl=en\">https:\/\/support.google.com\/chrome\/answer\/95647?hl=en<\/a><\/p>\n\n<p>Para gestionar las cookies en Internet Explorer, consulta:<br\/><a href=\"https:\/\/support.microsoft.com\/en-us\/windows\/delete-and-manage-cookies-168dab11-0753-043d-7c16-ede5947fc64d\">https:\/\/support.microsoft.com\/en-us\/windows\/delete-and-manage-cookies-168dab11-0753-043d-7c16-ede5947fc64d<\/a><\/p>\n\n<p>Para Mozilla Firefox, consulta:<br\/><a href=\"https:\/\/support.mozilla.org\/en-US\/kb\/clear-cookies-and-site-data-firefox\">https:\/\/support.mozilla.org\/en-US\/kb\/clear-cookies-and-site-data-firefox<\/a><\/p>\n\n<p>Para obtener informaci\u00f3n sobre la gesti\u00f3n de cookies en Safari, visita:<br\/><a href=\"https:\/\/www.apple.com\/legal\/privacy\/en-ww\/cookies\/\">https:\/\/www.apple.com\/legal\/privacy\/en-ww\/cookies\/<\/a><\/p>\n\n<p>Para gestionar las cookies en Opera, consulta:<br\/><a href=\"https:\/\/help.opera.com\/en\/latest\/web-preferences\/#cookies%20l\">https:\/\/help.opera.com\/en\/latest\/web-preferences\/#cookies l<\/a><\/p>\n\n<p>Para dejar de ser rastreado por Google Analytics, visita:<br\/><a href=\"http:\/\/tools.google.com\/dlpage\/gaoptout\">http:\/\/tools.google.com\/dlpage\/gaoptout<\/a><\/p>\n\n<p><strong>M\u00e1s sobre las cookies<\/strong><\/p>\n\n<p>Para m\u00e1s informaci\u00f3n sobre la publicidad basada en el comportamiento y la privacidad en l\u00ednea, visita:<br\/><a href=\"https:\/\/www.youronlinechoices.com\/uk\/\">https:\/\/www.youronlinechoices.com\/uk\/<\/a><\/p>\n\n<p>Obt\u00e9n m\u00e1s informaci\u00f3n sobre la protecci\u00f3n de datos en Google Analytics aqu\u00ed:<br\/><a href=\"https:\/\/marketingplatform.google.com\/intl\/en_uk\/about\/\">https:\/\/marketingplatform.google.com\/intl\/en_uk\/about\/<\/a><\/p>\n\n<p>Aprende c\u00f3mo Google Analytics utiliza las cookies aqu\u00ed:<br\/><a href=\"https:\/\/developers.google.com\/analytics\/devguides\/collection\/analyticsjs\/cookie-usage#analyticsjs\">https:\/\/developers.google.com\/analytics\/devguides\/collection\/analyticsjs\/cookie-usage#analyticsjs<\/a><\/p>\n\n<p><strong>Actualizaciones y cambios de la pol\u00edtica de privacidad y cookies<\/strong><\/p>\n\n<p>La web y la App de Maskots Tech S.L. pueden modificar su Pol\u00edtica de Cookies en funci\u00f3n de exigencias legislativas, reglamentarias, o con la finalidad de adaptar dicha pol\u00edtica a las instrucciones dictadas por la Agencia de Protecci\u00f3n de Datos en cada pa\u00eds. Por lo tanto, se aconseja a los usuarios que la visiten peri\u00f3dicamente.<\/p>\n\n<p>Cuando se produzcan cambios significativos en esta Pol\u00edtica de Cookies, estos se comunicar\u00e1n a los usuarios bien mediante la web o a trav\u00e9s de correo electr\u00f3nico a los usuarios registrados.<\/p>\n","protected":false},"excerpt":{"rendered":"<p>Este sitio web utiliza cookies propias y de terceros para mejorar la experiencia de navegaci\u00f3n, permitir compartir contenidos en redes sociales y recopilar estad\u00edsticas de usuarios. Puedes evitar la descarga de cookies a trav\u00e9s de la configuraci\u00f3n de tu navegador, evitando que las cookies se almacenen en su dispositivo. Como propietario del sitio web, se [&hellip;]<\/p>\n","protected":false},"author":1,"featured_media":0,"parent":0,"menu_order":0,"comment_status":"closed","ping_status":"closed","template":"","meta":{"footnotes":""},"class_list":["post-862","page","type-page","status-publish","hentry"],"_links":{"self":[{"href":"https:\/\/maskots.tusitio.es\/es\/wp-json\/wp\/v2\/pages\/862","targetHints":{"allow":["GET"]}}],"collection":[{"href":"https:\/\/maskots.tusitio.es\/es\/wp-json\/wp\/v2\/pages"}],"about":[{"href":"https:\/\/maskots.tusitio.es\/es\/wp-json\/wp\/v2\/types\/page"}],"author":[{"embeddable":true,"href":"https:\/\/maskots.tusitio.es\/es\/wp-json\/wp\/v2\/users\/1"}],"replies":[{"embeddable":true,"href":"https:\/\/maskots.tusitio.es\/es\/wp-json\/wp\/v2\/comments?post=862"}],"version-history":[{"count":7,"href":"https:\/\/maskots.tusitio.es\/es\/wp-json\/wp\/v2\/pages\/862\/revisions"}],"predecessor-version":[{"id":1657,"href":"https:\/\/maskots.tusitio.es\/es\/wp-json\/wp\/v2\/pages\/862\/revisions\/1657"}],"wp:attachment":[{"href":"https:\/\/maskots.tusitio.es\/es\/wp-json\/wp\/v2\/media?parent=862"}],"curies":[{"name":"wp","href":"https:\/\/api.w.org\/{rel}","templated":true}]}}