{"id":852,"date":"2023-11-28T12:02:44","date_gmt":"2023-11-28T12:02:44","guid":{"rendered":"https:\/\/maskots.tusitio.es\/politica-de-privacidad\/"},"modified":"2024-06-03T11:04:37","modified_gmt":"2024-06-03T11:04:37","slug":"privacy","status":"publish","type":"page","link":"https:\/\/maskots.tusitio.es\/es\/privacy\/","title":{"rendered":"Pol\u00edtica de privacidad"},"content":{"rendered":"\n<p><strong>I. POL\u00cdTICA DE PRIVACIDAD Y PROTECCI\u00d3N DE DATOS<\/strong><strong><\/strong><\/p>\n\n<p>De acuerdo con la legislaci\u00f3n vigente, Maskots (en adelante tambi\u00e9n \u00abSitio Web\u00bb o \u00abApp\u00bb) se compromete a adoptar las medidas t\u00e9cnicas y organizativas necesarias, en consonancia con el nivel de seguridad adecuado al riesgo de los datos recogidos.<\/p>\n\n<p><strong>Identidad del responsable del tratamiento de datos personales<\/strong><\/p>\n\n<p>El responsable del tratamiento de los datos personales recogidos en el Sitio Web es: Maskots Tech S.L. (en adelante \u00abMaskots\u00bb), con CIF: B13666540 (en adelante \u00abResponsable del Tratamiento\u00bb). Los datos de contacto son: <\/p>\n\n<p>Direcci\u00f3n: Calle de Don Ram\u00f3n de la Cruz, 38, 28001 Madrid, Espa\u00f1a<\/p>\n\n<p>Email de contacto: <a href=\"mailto:contact@maskots.tusitio.es\">contact@maskots.tusitio.es<\/a><\/p>\n\n<p><strong>Registro de Datos de Car\u00e1cter Personal<\/strong><\/p>\n\n<p>En cumplimiento de la normativa aplicable, te informamos de que los datos personales recabados por Maskots mediante los formularios puestos a disposici\u00f3n del Usuario, ser\u00e1n incorporados y tratados en nuestros ficheros con la finalidad de poder facilitar, agilizar y cumplir los compromisos establecidos entre Maskots y el usuario (en adelante, el \u00abUsuario\u00bb) o el mantenimiento de la relaci\u00f3n que se establezca en dichos formularios o para atender una solicitud o petici\u00f3n.<\/p>\n\n<p><strong>Informaci\u00f3n general sobre el tratamiento y el responsable del tratamiento de tus datos personales<\/strong><\/p>\n\n<ul class=\"wp-block-list\">\n<li>Responsable del tratamiento: MASKOTS TECH S.L.; CIF: B13666540.<\/li>\n\n\n\n<li>Finalidad: env\u00edo de informaci\u00f3n, respuesta a consultas, ejecuci\u00f3n contractual, prestaci\u00f3n de servicios suscritos, contactos gen\u00e9ricos.<\/li>\n\n\n\n<li>Legitimaci\u00f3n: consentimiento o relaci\u00f3n contractual.<\/li>\n\n\n\n<li>Destinatarios: los datos no se ceder\u00e1n a terceros, salvo obligaci\u00f3n legal.<\/li>\n\n\n\n<li>Derechos: puedes ejercer los derechos de acceso, rectificaci\u00f3n, supresi\u00f3n, oposici\u00f3n, portabilidad y limitaci\u00f3n dirigi\u00e9ndote a: contact@maskots.tusitio.es<\/li>\n\n\n\n<li>Tus datos personales, recogidos a trav\u00e9s de la relaci\u00f3n contractual, forman parte de un fichero.<\/li>\n<\/ul>\n\n<p><strong>Principios aplicables al tratamiento de datos personales<\/strong><\/p>\n\n<p>El tratamiento de los datos personales del Usuario se ajustar\u00e1 a los siguientes principios de Protecci\u00f3n de Datos Personales y garant\u00eda de los derechos digitales:<\/p>\n\n<ul class=\"wp-block-list\">\n<li>Principio de licitud, lealtad y transparencia: se requerir\u00e1 en todo momento el consentimiento del Usuario previa informaci\u00f3n completamente transparente de los fines para los cuales se recogen los datos personales.<\/li>\n\n\n\n<li>Principio de limitaci\u00f3n de la finalidad: los datos personales ser\u00e1n recogidos con fines determinados, expl\u00edcitos y leg\u00edtimos.<\/li>\n\n\n\n<li>Principio de minimizaci\u00f3n de datos: los datos personales recogidos ser\u00e1n \u00fanicamente los estrictamente necesarios en relaci\u00f3n con los fines para los que son tratados.<\/li>\n\n\n\n<li>Principio de exactitud: los datos personales deben ser exactos y estar siempre actualizados.<\/li>\n\n\n\n<li>Principio de limitaci\u00f3n del almacenamiento: los datos personales s\u00f3lo se conservar\u00e1n para permitir la identificaci\u00f3n del Usuario durante el tiempo necesario para los fines de su tratamiento.<\/li>\n\n\n\n<li>Principio de integridad y confidencialidad: los datos personales se tratar\u00e1n para garantizar su seguridad y confidencialidad.<\/li>\n\n\n\n<li>Principio de responsabilidad proactiva: el Responsable del Tratamiento velar\u00e1 por el cumplimiento de los principios anteriores.<\/li>\n<\/ul>\n\n<p><strong>Categor\u00edas de datos personales<\/strong><\/p>\n\n<p>Las categor\u00edas de datos tratados en Maskots son \u00fanicamente datos personales. En ning\u00fan caso se tratan categor\u00edas especiales de datos personales. <\/p>\n\n<p><strong>Base jur\u00eddica del tratamiento de datos personales<\/strong><\/p>\n\n<p>La base legal para el tratamiento de los datos personales es el consentimiento y, en el caso del registro, la base legal es la relaci\u00f3n contractual entre las partes. Maskots se compromete a obtener el consentimiento expreso y verificable del Usuario para el tratamiento de sus datos personales para uno o varios fines espec\u00edficos. <\/p>\n\n<p>El Usuario tendr\u00e1 derecho a retirar su consentimiento en cualquier momento. Ser\u00e1 tan f\u00e1cil retirar el consentimiento como darlo. Como regla general, la retirada del consentimiento no condicionar\u00e1 el uso del Sitio Web.  <\/p>\n\n<p>En las ocasiones en las que el Usuario deba o pueda facilitar sus datos a trav\u00e9s de formularios para realizar consultas, solicitar informaci\u00f3n o por motivos relacionados con el contenido del Sitio Web, se le informar\u00e1 en caso de que la cumplimentaci\u00f3n de alguno de ellos sea obligatoria debido a que los mismos sean imprescindibles para el correcto desarrollo de la operaci\u00f3n realizada.<\/p>\n\n<p><strong>Fines del tratamiento a que se destinan los datos personales<\/strong><\/p>\n\n<p>Los datos personales son recabados y gestionados por Maskots con la finalidad de poder facilitar, agilizar y cumplir los compromisos establecidos entre el Sitio Web y el Usuario o el mantenimiento de la relaci\u00f3n que se establezca en los formularios que este \u00faltimo rellene o para atender una solicitud o petici\u00f3n.<\/p>\n\n<p>Igualmente, los datos podr\u00e1n ser utilizados con una finalidad comercial de personalizaci\u00f3n, operativa y estad\u00edstica, y actividades propias del objeto social de Maskots, as\u00ed como para la extracci\u00f3n, almacenamiento de datos y estudios de marketing para adecuar el Contenido ofertado al Usuario, as\u00ed como mejorar la calidad, funcionamiento y navegaci\u00f3n por el Sitio Web.<\/p>\n\n<p>En el momento en que se obtengan los datos personales, se informar\u00e1 al Usuario acerca del fin o fines espec\u00edficos del tratamiento a que se destinar\u00e1n los datos personales; es decir, del uso o usos que se dar\u00e1 a la informaci\u00f3n recopilada.<\/p>\n\n<p>Los principales tratamientos y fines de la misma ser\u00e1n los siguientes:<\/p>\n\n<ul class=\"wp-block-list\">\n<li>Solicitud de informaci\u00f3n: Gestionar la solicitud de informaci\u00f3n enviada por el interesado a trav\u00e9s del formulario de contacto, direcci\u00f3n de correo electr\u00f3nico, correo postal, y\/o n\u00famero de tel\u00e9fono facilitado a trav\u00e9s de la App.<\/li>\n\n\n\n<li>Suscripci\u00f3n a notificaciones o boletines: Gestionar la suscripci\u00f3n al env\u00edo de notificaciones o boletines.<\/li>\n\n\n\n<li>Registro y acceso al perfil de usuario: Gestionar el alta y acceso al portal de usuario mediante la correspondiente cuenta de usuario y contrase\u00f1a. Se recogen los siguientes datos: nombre, apellidos, direcci\u00f3n de correo electr\u00f3nico. Pagos y transacciones en el portal.  <\/li>\n\n\n\n<li>Gesti\u00f3n del pago de los productos y servicios disponibles en el portal: Se recogen los siguientes datos: direcci\u00f3n postal y forma de pago.<\/li>\n<\/ul>\n\n<p><strong>Periodos de conservaci\u00f3n de los datos personales<\/strong><\/p>\n\n<p>Los datos personales solo ser\u00e1n retenidos durante el tiempo m\u00ednimo necesario para los fines de su tratamiento y, en todo caso, \u00fanicamente durante el siguiente plazo: 24 meses, o hasta que el Usuario solicite su supresi\u00f3n.<\/p>\n\n<p><strong>Destinatarios de los datos personales<\/strong><\/p>\n\n<p>Los datos personales del Usuario ser\u00e1n compartidos con los siguientes destinatarios o categor\u00edas de destinatarios:<\/p>\n\n<p>SiteGround Spain S.L., B87194171, Calle Prim 19, 28004 Madrid, Spain.<\/p>\n\n<p>No se realizan transferencias internacionales de datos ni se transfieren datos a terceros.<\/p>\n\n<p>En caso de que el Responsable del tratamiento tenga la intenci\u00f3n de transferir datos personales a un tercer pa\u00eds u organizaci\u00f3n internacional, en el momento en que se obtengan los datos personales, se informar\u00e1 al Usuario acerca del tercer pa\u00eds u organizaci\u00f3n internacional al cual se tiene la intenci\u00f3n de transferir los datos, as\u00ed como de la existencia o ausencia de una decisi\u00f3n de adecuaci\u00f3n de la Comisi\u00f3n.<\/p>\n\n<p><strong>Datos personales de menores<\/strong><\/p>\n\n<p>Solo los mayores de 14 a\u00f1os podr\u00e1n consentir legalmente el tratamiento de sus datos personales por parte de Maskots. Si se trata de un menor de 14 a\u00f1os, se requiere el consentimiento de los padres o tutores para el tratamiento, y \u00e9ste s\u00f3lo se considerar\u00e1 l\u00edcito en la medida en que lo hayan autorizado. <\/p>\n\n<p><strong>Secreto, confidencialidad y seguridad de los datos personales<\/strong><\/p>\n\n<p>Maskots se compromete a adoptar las medidas t\u00e9cnicas y organizativas necesarias, seg\u00fan el nivel de seguridad adecuado a los datos recogidos, para garantizar la seguridad de los datos de car\u00e1cter personal y evitar su destrucci\u00f3n, p\u00e9rdida, alteraci\u00f3n accidental o il\u00edcita, as\u00ed como la comunicaci\u00f3n o acceso no autorizados a los datos personales transmitidos, conservados o tratados de otra forma.<\/p>\n\n<p>El Sitio Web dispone de un certificado SSL (Secure Socket Layer), que garantiza la transmisi\u00f3n segura y confidencial de los datos personales, ya que la transmisi\u00f3n de datos entre el servidor y el Usuario, y viceversa, est\u00e1 totalmente encriptada.<\/p>\n\n<p>No obstante, dado que Maskots no puede garantizar la inexpugnabilidad de la red ni la ausencia total de hackers u otros que accedan de modo fraudulento a los datos personales, el Responsable del Tratamiento se compromete a comunicar al Usuario sin dilaci\u00f3n indebida cuando ocurra una violaci\u00f3n de la seguridad de los datos personales que sea probable que entra\u00f1e un alto riesgo para los derechos y libertades de las personas f\u00edsicas. Se entiende por violaci\u00f3n de la seguridad de los datos personales cualquier violaci\u00f3n de la seguridad que provoque la destrucci\u00f3n, accidental o il\u00edcita, la p\u00e9rdida, la alteraci\u00f3n, la difusi\u00f3n o el acceso no autorizados, de datos personales. <\/p>\n\n<p>El Responsable del Tratamiento tratar\u00e1 los datos personales como confidenciales y se compromete a informar y garantizar, mediante una obligaci\u00f3n legal o contractual, que dicha confidencialidad sea respetada por sus empleados, asociados y cualquier persona a la que se haga accesible la informaci\u00f3n.<\/p>\n\n<p><strong>Derechos derivados del tratamiento de datos personales<\/strong><\/p>\n\n<p>El Usuario dispone de los siguientes derechos en relaci\u00f3n con sus datos personales en Maskots y, por tanto, podr\u00e1 ejercitarlos frente al Responsable del Tratamiento:<\/p>\n\n<ul class=\"wp-block-list\">\n<li><em>Derecho de acceso: <\/em>Derecho a obtener confirmaci\u00f3n sobre si Maskots est\u00e1 tratando tus datos personales y, en tal caso, a obtener informaci\u00f3n sobre tus datos concretos de car\u00e1cter personal y del tratamiento que Maskots haya realizado o realice, as\u00ed como, entre otra, de la informaci\u00f3n disponible sobre el origen de dichos datos y los destinatarios de las comunicaciones realizadas o previstas de los mismos.<\/li>\n\n\n\n<li><em>Derecho de rectificaci\u00f3n:<\/em> Derecho del Usuario a que se modifiquen sus datos personales cuando resulten inexactos o, atendiendo a las finalidades del tratamiento, incompletos.<\/li>\n\n\n\n<li><em>Derecho de supresi\u00f3n<\/em><em>:<\/em> Derecho del Usuario, siempre que la legislaci\u00f3n vigente no establezca lo contrario, a obtener la supresi\u00f3n de sus datos personales cuando ya no sean necesarios para los fines para los que fueron recogidos o tratados; el Usuario haya retirado su consentimiento al tratamiento y \u00e9ste no tenga otra base jur\u00eddica; el Usuario se oponga al tratamiento y no exista otro motivo leg\u00edtimo para continuar con el mismo; los datos personales hayan sido tratados il\u00edcitamente; los datos personales deban suprimirse en cumplimiento de una obligaci\u00f3n legal; o los datos personales se hayan obtenido como consecuencia de una oferta directa de servicios de la sociedad de la informaci\u00f3n a un menor de 14 a\u00f1os. Adem\u00e1s de suprimir los datos, el responsable del tratamiento, teniendo en cuenta la tecnolog\u00eda disponible y el coste de su aplicaci\u00f3n, deber\u00e1 adoptar medidas razonables para informar a los responsables que est\u00e9n tratando los datos personales de la solicitud del interesado de suprimir cualquier v\u00ednculo con esos datos personales.  <\/li>\n\n\n\n<li><em>Derecho a limitar el tratamiento:<\/em> Derecho del Usuario a limitar el tratamiento de sus datos personales. El Usuario tiene derecho a obtener la limitaci\u00f3n del tratamiento cuando impugne la exactitud de sus datos personales; el tratamiento sea il\u00edcito; el Responsable del Tratamiento ya no necesite los datos personales, pero el Usuario los necesite para presentar reclamaciones; y cuando el Usuario se haya opuesto al tratamiento. <\/li>\n\n\n\n<li><em>Derecho a la portabilidad de los datos:<\/em> En caso de que el tratamiento se lleve a cabo por medios automatizados, el Usuario tiene derecho a recibir del Responsable del Tratamiento sus datos personales en un formato estructurado, de uso com\u00fan y lectura mec\u00e1nica, y a transmitirlos a otro responsable del tratamiento. Siempre que sea t\u00e9cnicamente posible, el responsable del tratamiento transmitir\u00e1 los datos directamente a ese otro responsable. <\/li>\n\n\n\n<li><em>Derecho de oposici\u00f3n:<\/em> Derecho del Usuario a impedir el tratamiento de sus datos personales o a que cese el tratamiento de los mismos por parte de Maskots.<\/li>\n\n\n\n<li><em>Derecho a no ser objeto de una decisi\u00f3n basada \u00fanicamente en un tratamiento automatizado:<\/em> Derecho del Usuario a no ser objeto de una decisi\u00f3n basada \u00fanicamente en el tratamiento automatizado de sus datos personales, incluida la elaboraci\u00f3n de perfiles, salvo que la legislaci\u00f3n vigente disponga otra cosa.<\/li>\n<\/ul>\n\n<p>Por ello, el Usuario podr\u00e1 ejercitar sus derechos mediante comunicaci\u00f3n escrita dirigida al Responsable del Tratamiento con la referencia \u00abGDPR-<a href=\"https:\/\/maskots.tusitio.es\/es\/\">https:\/\/maskots.tusitio.es<\/a>\u00ab, especificando:<\/p>\n\n<ul class=\"wp-block-list\">\n<li>Nombre, apellidos del Usuario y copia del DNI. En los casos en que se admita la representaci\u00f3n, ser\u00e1 tambi\u00e9n necesaria la identificaci\u00f3n por el mismo medio de la persona que representa al Usuario, as\u00ed como el documento acreditativo de la representaci\u00f3n. La fotocopia del DNI podr\u00e1 ser sustituida, por cualquier otro medio v\u00e1lido en derecho que acredite la identidad.  <\/li>\n\n\n\n<li>Petici\u00f3n con los motivos espec\u00edficos de la solicitud o informaci\u00f3n a la que se quiere acceder.<\/li>\n\n\n\n<li>Domicilio a efecto de notificaciones.<\/li>\n\n\n\n<li>Fecha y firma del solicitante.<\/li>\n\n\n\n<li>Todo documento que acredite la petici\u00f3n que formula.<\/li>\n<\/ul>\n\n<p>Esta solicitud y todo otro documento adjunto podr\u00e1 enviarse a la siguiente direcci\u00f3n y\/o correo electr\u00f3nico:<\/p>\n\n<p>Direcci\u00f3n postal: Calle de Don Ram\u00f3n de la Cruz, 38, 28001 Madrid, Espa\u00f1a<\/p>\n\n<p>Email: contact@maskots.tusitio.es<\/p>\n\n<p><strong>Enlaces a sitios web de terceros<\/strong><\/p>\n\n<p>El Sitio Web puede incluir hiperv\u00ednculos o enlaces que permiten acceder a p\u00e1ginas web de terceros distintos de Maskots, y que por tanto no son operados por Maskots. Los titulares de dichos sitios web dispondr\u00e1n de sus propias pol\u00edticas de protecci\u00f3n de datos, siendo ellos mismos, en cada caso, responsables de sus propios ficheros y de sus propias pr\u00e1cticas de privacidad. <\/p>\n\n<p><strong>Reclamaciones a la Autoridad de Supervisi\u00f3n<\/strong><\/p>\n\n<p>En caso de que el Usuario considere que existe un problema o violaci\u00f3n de la normativa vigente en la forma en que se est\u00e1n tratando sus datos personales, tiene derecho a la tutela judicial efectiva y a interponer un recurso; as\u00ed como a presentar una reclamaci\u00f3n ante una autoridad de control, especialmente en el pa\u00eds donde tenga su residencia habitual, lugar de trabajo o lugar de la presunta infracci\u00f3n.<\/p>\n\n<p><strong><br\/><\/strong><strong>II. ACEPTACI\u00d3N Y CAMBIOS EN ESTA POL\u00cdTICA DE PRIVACIDAD <\/strong><\/p>\n\n<p>Es necesario que el Usuario haya le\u00eddo y est\u00e9 conforme con las condiciones sobre la protecci\u00f3n de datos de car\u00e1cter personal contenidas en esta Pol\u00edtica de Privacidad, as\u00ed como que acepte el tratamiento de sus datos personales para que el Responsable del tratamiento pueda proceder al mismo en la forma, durante los plazos y para las finalidades indicadas. El uso del Sitio Web implicar\u00e1 la aceptaci\u00f3n de la Pol\u00edtica de Privacidad del mismo. <\/p>\n\n<p>Maskots se reserva el derecho a modificar su Pol\u00edtica de Privacidad, de acuerdo a su propio criterio, o motivado por un cambio legislativo, jurisprudencial o doctrinal de la Agencia Espa\u00f1ola de Protecci\u00f3n de Datos. Los cambios o actualizaciones de esta Pol\u00edtica de Privacidad no ser\u00e1n notificados de forma expl\u00edcita al Usuario. Se recomienda al Usuario consultar esta p\u00e1gina de forma peri\u00f3dica para estar al tanto de los \u00faltimos cambios o actualizaciones.  <\/p>\n","protected":false},"excerpt":{"rendered":"<p>Bienvenidos a Maskots. Su privacidad y protecci\u00f3n de datos son primordiales para nosotros. <\/p>\n","protected":false},"author":1,"featured_media":0,"parent":0,"menu_order":0,"comment_status":"closed","ping_status":"closed","template":"","meta":{"footnotes":""},"class_list":["post-852","page","type-page","status-publish","hentry"],"_links":{"self":[{"href":"https:\/\/maskots.tusitio.es\/es\/wp-json\/wp\/v2\/pages\/852","targetHints":{"allow":["GET"]}}],"collection":[{"href":"https:\/\/maskots.tusitio.es\/es\/wp-json\/wp\/v2\/pages"}],"about":[{"href":"https:\/\/maskots.tusitio.es\/es\/wp-json\/wp\/v2\/types\/page"}],"author":[{"embeddable":true,"href":"https:\/\/maskots.tusitio.es\/es\/wp-json\/wp\/v2\/users\/1"}],"replies":[{"embeddable":true,"href":"https:\/\/maskots.tusitio.es\/es\/wp-json\/wp\/v2\/comments?post=852"}],"version-history":[{"count":7,"href":"https:\/\/maskots.tusitio.es\/es\/wp-json\/wp\/v2\/pages\/852\/revisions"}],"predecessor-version":[{"id":1668,"href":"https:\/\/maskots.tusitio.es\/es\/wp-json\/wp\/v2\/pages\/852\/revisions\/1668"}],"wp:attachment":[{"href":"https:\/\/maskots.tusitio.es\/es\/wp-json\/wp\/v2\/media?parent=852"}],"curies":[{"name":"wp","href":"https:\/\/api.w.org\/{rel}","templated":true}]}}